{"id":488,"date":"2020-09-12T13:23:20","date_gmt":"2020-09-12T11:23:20","guid":{"rendered":"http:\/\/ksdartagnan.pl\/?page_id=488"},"modified":"2023-10-09T13:06:48","modified_gmt":"2023-10-09T11:06:48","slug":"oplaty","status":"publish","type":"page","link":"https:\/\/ksdartagnan.pl\/?page_id=488","title":{"rendered":"Op\u0142aty obowi\u0105zuj\u0105ce od lutego 2022"},"content":{"rendered":"\n<hr class=\"wp-block-separator has-css-opacity\"\/>\n\n\n\n<h3 class=\"wp-block-heading has-text-align-left\" id=\"skladka-czlonkowska\">Sk\u0142adka cz\u0142onkowska<\/h3>\n\n\n\n<figure class=\"wp-block-table alignwide is-style-stripes\"><table><tbody><tr><td class=\"has-text-align-left\" data-align=\"left\"><strong>Wysoko\u015b\u0107<\/strong> <strong>sk\u0142adki<\/strong><\/td><td class=\"has-text-align-left\" data-align=\"left\">240 z\u0142<\/td><\/tr><tr><td class=\"has-text-align-left\" data-align=\"left\"><strong>Termin p\u0142atno\u015bci<\/strong><\/td><td class=\"has-text-align-left\" data-align=\"left\">do 25 wrze\u015bnia ka\u017cdego roku szkolnego<\/td><\/tr><tr><td class=\"has-text-align-left\" data-align=\"left\"><strong>Tytu\u0142 p\u0142atno\u015bci<\/strong><\/td><td class=\"has-text-align-left\" data-align=\"left\">\u201eSk\u0142adka cz\u0142onkowska, imi\u0119 i nazwisko zawodnika, sezon 2022\/23\u201d<\/td><\/tr><\/tbody><\/table><\/figure>\n\n\n\n<p><\/p>\n\n\n\n<h3 class=\"wp-block-heading has-text-align-left\" id=\"oplata-miesieczna\">Op\u0142ata miesi\u0119czna<\/h3>\n\n\n\n<figure class=\"wp-block-table alignwide is-style-stripes\"><table><tbody><tr><td class=\"has-text-align-left\" data-align=\"left\"><strong>Wysoko\u015b\u0107 op\u0142aty dla dzieci klas sportowych SP340<\/strong><\/td><td class=\"has-text-align-left\" data-align=\"left\">100 z\u0142<\/td><\/tr><tr><td class=\"has-text-align-left\" data-align=\"left\"><strong>Wysoko\u015b\u0107 op\u0142aty dla pozosta\u0142ych dzieci<\/strong><\/td><td class=\"has-text-align-left\" data-align=\"left\">120 z\u0142<\/td><\/tr><tr><td class=\"has-text-align-left\" data-align=\"left\"><strong>Wysoko\u015b\u0107 op\u0142aty (gr. pocz\u0105tkuj\u0105ca, dzieci spoza SP340)<\/strong><\/td><td class=\"has-text-align-left\" data-align=\"left\">140 z\u0142<\/td><\/tr><tr><td class=\"has-text-align-left\" data-align=\"left\"><strong>Termin p\u0142atno\u015bci<\/strong><\/td><td class=\"has-text-align-left\" data-align=\"left\">do 10 ka\u017cdego miesi\u0105ca<\/td><\/tr><tr><td class=\"has-text-align-left\" data-align=\"left\"><strong>Tytu\u0142 p\u0142atno\u015bci<\/strong><\/td><td class=\"has-text-align-left\" data-align=\"left\">\u201eOp\u0142ata miesi\u0119czna, imi\u0119 i nazwisko zawodnika, okres\u201d<\/td><\/tr><\/tbody><\/table><\/figure>\n\n\n\n<h3 class=\"wp-block-heading has-text-align-left\" id=\"ulgi\">Ulgi<\/h3>\n\n\n\n<figure class=\"wp-block-table is-style-stripes\"><table><tbody><tr><td class=\"has-text-align-left\" data-align=\"left\"><strong>Ulga za jednorazow\u0105 wp\u0142at\u0119 op\u0142aty miesi\u0119cznej za ca\u0142y semestr<\/strong>*<\/td><td class=\"has-text-align-left\" data-align=\"left\">10%<\/td><\/tr><tr><td class=\"has-text-align-left\" data-align=\"left\"><strong>Ulga dla rodzin wielodzietnych za drugie i kolejne dziecko<\/strong><br><strong>(ulgi si\u0119 sumuj\u0105)<\/strong>**<\/td><td class=\"has-text-align-left\" data-align=\"left\">10%<\/td><\/tr><tr><td class=\"has-text-align-left\" data-align=\"left\"><strong>Ulga losowa<\/strong>***<\/td><td class=\"has-text-align-left\" data-align=\"left\">Decyzja Zarz\u0105du KS d&#8217;Artagnan-Ursyn\u00f3w<\/td><\/tr><\/tbody><\/table><\/figure>\n\n\n\n<p class=\"has-text-align-left\"><em>*W przypadku braku p\u0142atno\u015bci pi\u0119ciomiesi\u0119cznej, uznaje si\u0119, \u017ce op\u0142ata b\u0119dzie wnoszona jedno-miesi\u0119cznie, co oznacza brak ulgi dla wp\u0142acaj\u0105cego<\/em><\/p>\n\n\n\n<p class=\"has-text-align-left\">**<em>Ulgi si\u0119 sumuj\u0105 np. jednorazowa wp\u0142ata w przypadku drugiego dziecka trenuj\u0105cego wynosi 10% za jednorazow\u0105 wp\u0142at\u0119 + 10% za drugie dziecko = 20%, czyli kwota do zap\u0142aty, to 80% kwoty bazowej<\/em><\/p>\n\n\n\n<p>***<em>Cz\u0142onek Klubu mo\u017ce wyst\u0105pi\u0107 w formie pisemnej do Zarz\u0105du Klubu o obni\u017cenie op\u0142at klubowych lub zmian\u0119 termin\u00f3w wp\u0142at. Obni\u017cenie op\u0142at klubowych przys\u0142uguje w przypadkach losowych, osobom w trudnej sytuacji materialnej na mocy decyzji zarz\u0105du klubu podj\u0119tej po rozpatrzeniu wniosku<\/em>.<\/p>\n\n\n\n<p><\/p>\n\n\n\n<h3 class=\"wp-block-heading has-text-align-left\" id=\"przyklady\">Przyk\u0142ady<\/h3>\n\n\n\n<figure class=\"wp-block-table alignwide is-style-stripes\"><table><tbody><tr><td class=\"has-text-align-left\" data-align=\"left\">Jedno dziecko z klasy sportowej SP340, za semestr z g\u00f3ry, wp\u0142ata w pierwszym miesi\u0105cu z ulg\u0105 10%<\/td><td class=\"has-text-align-left\" data-align=\"left\">450 z\u0142<\/td><\/tr><tr><td class=\"has-text-align-left\" data-align=\"left\">Drugie dziecko z klasy sportowej SP340, wp\u0142ata miesi\u0119czna<\/td><td class=\"has-text-align-left\" data-align=\"left\">90 z\u0142<\/td><\/tr><tr><td class=\"has-text-align-left\" data-align=\"left\">Drugie dziecko z klasy sportowej SP340, wp\u0142ata za semestr<\/td><td class=\"has-text-align-left\" data-align=\"left\">400 z\u0142<\/td><\/tr><tr><td class=\"has-text-align-left\" data-align=\"left\">Trzecie dziecko z klasy sportowej SP340, wp\u0142ata miesi\u0119czna<\/td><td class=\"has-text-align-left\" data-align=\"left\">80 z\u0142<\/td><\/tr><tr><td class=\"has-text-align-left\" data-align=\"left\">Trzecie dziecko z klasy sportowej SP340, wp\u0142ata za semestr<\/td><td class=\"has-text-align-left\" data-align=\"left\">350 z\u0142<\/td><\/tr><tr><td class=\"has-text-align-left\" data-align=\"left\">Jedno dziecko spoza klas sportowych SP340, za semestr z g\u00f3ry, wp\u0142ata w pierwszym miesi\u0105cu z ulg\u0105 10%<\/td><td class=\"has-text-align-left\" data-align=\"left\">540 z\u0142<\/td><\/tr><tr><td class=\"has-text-align-left\" data-align=\"left\">Drugie dziecko spoza klas sportowych SP340, wp\u0142ata miesi\u0119czna<\/td><td class=\"has-text-align-left\" data-align=\"left\">108 z\u0142<\/td><\/tr><tr><td class=\"has-text-align-left\" data-align=\"left\">Drugie dziecko spoza klas sportowych SP340, wp\u0142ata za semestr<\/td><td class=\"has-text-align-left\" data-align=\"left\">480 z\u0142<\/td><\/tr><tr><td class=\"has-text-align-left\" data-align=\"left\">Trzecie dziecko spoza klas sportowych SP340, wp\u0142ata miesi\u0119czna<\/td><td class=\"has-text-align-left\" data-align=\"left\">96 z\u0142<\/td><\/tr><tr><td class=\"has-text-align-left\" data-align=\"left\">Trzecie dziecko spoza klas sportowych SP340, wp\u0142ata za semestr<\/td><td class=\"has-text-align-left\" data-align=\"left\">420 z\u0142<\/td><\/tr><\/tbody><\/table><\/figure>\n\n\n\n<h3 class=\"wp-block-heading has-text-align-left\" id=\"konto-bankowe\">Konto bankowe<\/h3>\n\n\n\n<p class=\"has-text-align-left\">Wp\u0142at nale\u017cy dokonywa\u0107 na rachunek bankowy:<br>Klub Sportowy d&#8217;Artagnan-Ursyn\u00f3w<br>ul. Lokajskiego 3, 02-793 Warszawa<br><strong>19 1050 1025 1000 0022 6103 9289<\/strong><\/p>\n\n\n\n<h3 class=\"wp-block-heading\" id=\"licencje-polskiego-zwiazku-szermierczego\">Licencje Polskiego Zwi\u0105zku Szermierczego<\/h3>\n\n\n\n<p>Polski Zwi\u0105zek Szermierczy uruchomi\u0142 system obs\u0142ugi klub\u00f3w, trener\u00f3w, instruktor\u00f3w, s\u0119dzi\u00f3w i zawodnik\u00f3w, poprzez kt\u00f3ry mo\u017cna samodzielnie op\u0142aca\u0107 licencje uprawniaj\u0105ce do start\u00f3w w zawodach.<\/p>\n\n\n\n<p>Wszelkie informacje dotycz\u0105ce sk\u0142adania wniosku zawiera INSTRUKCJA SK\u0141ADANIA WNIOSKU O PRZED\u0141U\u017bENIE LICENCJI oraz sekcja Zawodnicy na poni\u017cszej stronie PZSzerm.<\/p>\n\n\n\n<p><a href=\"https:\/\/pzszerm.pl\/zwiazek-pzs\/system-obslugi-uzytkownikow\/\" target=\"_blank\" rel=\"noopener\">https:\/\/pzszerm.pl\/zwiazek-pzs\/system-obslugi-uzytkownikow\/<\/a><\/p>\n","protected":false},"excerpt":{"rendered":"<p>Sk\u0142adka cz\u0142onkowska Wysoko\u015b\u0107 sk\u0142adki 240 z\u0142 Termin p\u0142atno\u015bci do 25 wrze\u015bnia ka\u017cdego roku szkolnego Tytu\u0142 p\u0142atno\u015bci \u201eSk\u0142adka cz\u0142onkowska, imi\u0119 i nazwisko zawodnika, sezon 2022\/23\u201d Op\u0142ata miesi\u0119czna Wysoko\u015b\u0107 op\u0142aty dla dzieci klas sportowych SP340 100 z\u0142 Wysoko\u015b\u0107 op\u0142aty dla pozosta\u0142ych dzieci 120 z\u0142 Wysoko\u015b\u0107 op\u0142aty (gr. pocz\u0105tkuj\u0105ca, dzieci spoza SP340) 140 z\u0142 Termin p\u0142atno\u015bci do 10 ka\u017cdego miesi\u0105ca Tytu\u0142 p\u0142atno\u015bci \u201eOp\u0142ata miesi\u0119czna, imi\u0119 i nazwisko zawodnika, okres\u201d Ulgi Ulga za jednorazow\u0105 wp\u0142at\u0119 op\u0142aty miesi\u0119cznej za ca\u0142y semestr* 10% Ulga dla [&hellip;]<\/p>\n","protected":false},"author":1,"featured_media":0,"parent":0,"menu_order":0,"comment_status":"closed","ping_status":"closed","template":"","meta":{"footnotes":""},"class_list":["post-488","page","type-page","status-publish","hentry"],"_links":{"self":[{"href":"https:\/\/ksdartagnan.pl\/index.php?rest_route=\/wp\/v2\/pages\/488","targetHints":{"allow":["GET"]}}],"collection":[{"href":"https:\/\/ksdartagnan.pl\/index.php?rest_route=\/wp\/v2\/pages"}],"about":[{"href":"https:\/\/ksdartagnan.pl\/index.php?rest_route=\/wp\/v2\/types\/page"}],"author":[{"embeddable":true,"href":"https:\/\/ksdartagnan.pl\/index.php?rest_route=\/wp\/v2\/users\/1"}],"replies":[{"embeddable":true,"href":"https:\/\/ksdartagnan.pl\/index.php?rest_route=%2Fwp%2Fv2%2Fcomments&post=488"}],"version-history":[{"count":43,"href":"https:\/\/ksdartagnan.pl\/index.php?rest_route=\/wp\/v2\/pages\/488\/revisions"}],"predecessor-version":[{"id":1019,"href":"https:\/\/ksdartagnan.pl\/index.php?rest_route=\/wp\/v2\/pages\/488\/revisions\/1019"}],"wp:attachment":[{"href":"https:\/\/ksdartagnan.pl\/index.php?rest_route=%2Fwp%2Fv2%2Fmedia&parent=488"}],"curies":[{"name":"wp","href":"https:\/\/api.w.org\/{rel}","templated":true}]}}